{"id":12,"date":"2022-11-04T11:48:22","date_gmt":"2022-11-04T11:48:22","guid":{"rendered":"https:\/\/www.bontomester.hu\/?page_id=12"},"modified":"2024-10-01T03:41:17","modified_gmt":"2024-10-01T03:41:17","slug":"kezdooldal","status":"publish","type":"page","link":"https:\/\/www.bontomester.hu\/","title":{"rendered":"Kezd\u0151oldal"},"content":{"rendered":"\n<p class=\"has-text-align-center has-black-color has-white-background-color has-text-color has-background\" style=\"font-size:30px\"><strong>\u00dcdv\u00f6zl\u00f6m Nov\u00e1k G\u00e1bor vagyok a bont\u00f3mester!<\/strong><\/p>\n\n\n\n<p class=\"has-text-align-center\" style=\"font-size:25px\">V\u00e1llalok r\u00e9gi \u00e9p\u00fcletek, \u00e9p\u00edtm\u00e9nyek bont\u00e1s\u00e1t, falakba ny\u00edl\u00e1sz\u00e1r\u00f3k hely\u00e9nek kiv\u00e1g\u00e1s\u00e1t. Bels\u0151 v\u00e1laszfalak, aljzat betonok bont\u00e1s\u00e1t. Bels\u0151 falak r\u00e9szleges, vagy teljes bont\u00e1sa, ablak v\u00e1g\u00e1s \u2013 v\u00e9s\u00e9s, \u00e1thidal\u00f3 be\u00e9p\u00edt\u00e9s, aljzat beton \u2013 burkolat felbont\u00e1s, tet\u0151zsindely bont\u00e1s, PVC, lin\u00f3leum, j\u00e1r\u00f3lap, sz\u0151nyeg, lamin\u00e1lt parketta, parketta bont\u00e1sa, oldalfali burkolatok, vakolat lever\u00e9s. V\u00edz, g\u00e1z, f\u0171t\u00e9s rendszerek leszerel\u00e9se. K\u00e1dak, zuhanyt\u00e1lc\u00e1k \u00e9s WC tov\u00e1bb\u00e1 csaptelepek megsz\u00fcntet\u00e9se. F\u00e9m szerkezet \u00e9s mell\u00e9k \u00e9p\u00fclet bont\u00e1s. Csemp\u00e9k-burkolat felbont\u00e1s j\u00e1r\u00f3lapok fa \u00e9s parketta m\u00e1s burkolatok le ver\u00e9se felv\u00e9s\u00e9se bont\u00e1sa. F\u00f6d\u00e9mek, l\u00e9pcs\u0151k beton szerkezetek rombol\u00e1sa. \u00e9s mindenf\u00e9le \u00e9p\u00edt\u0151ipari bont\u00e1st. Ha kisebb munka van azt is elv\u00e9gezz\u00fck.<\/p>\n\n\n\n<p class=\"has-text-align-center\"> <strong style=\"color: var(--wp--preset--color--black); font-size: 30px; text-align: center;\">El\u00e9rhet\u0151s\u00e9gek:<\/strong>  <\/p>\n\n\n\n<p class=\"has-text-align-center\"><span style=\"font-size: 25px; text-align: center; color: initial;\">N\u00e9v: Nov\u00e1k G\u00e1bor<\/span><\/p>\n\n\n\n<p class=\"has-text-align-center\"><span style=\"font-size: 25px; text-align: center; color: initial;\">Telefon: +36 20 594 0260<\/span><\/p>\n\n\n\n<p class=\"has-text-align-center\">   <span style=\"font-size: 25px; text-align: center; color: initial;\">e-mail: teherszellitoember@gmail.com<\/span> <\/p>\n\n\n<div class=\"wp-block-image\">\n<figure class=\"aligncenter size-full\"><img loading=\"lazy\" decoding=\"async\" width=\"300\" height=\"168\" src=\"https:\/\/www.bontomester.hu\/wp-content\/uploads\/2024\/10\/image-7.png\" alt=\"\" class=\"wp-image-126\"\/><\/figure>\n<\/div>\n\n\n<p class=\"has-text-align-center has-black-color has-text-color\" style=\"font-size:30px\"><strong>Korrekt piaci \u00e1rak<\/strong><\/p>\n\n\n\n<p class=\"has-text-align-center\" style=\"font-size:25px\">Magas szak\u00e9rtelem \u00e9s tapasztalt bont\u00e1si munk\u00e1kban. Csapatunkkal m\u00e9g a sz\u0171k\u00f6s beruh\u00e1z\u00e1sok eset\u00e9ben is kedvez\u0151 munkad\u00edjakkal dolgozunk, de a min\u0151s\u00e9gb\u0151l \u00e9s az elv\u00e1rt sz\u00ednvonalb\u00f3l sohasem enged\u00fcnk.<\/p>\n\n\n<div class=\"wp-block-image\">\n<figure class=\"aligncenter size-full\"><img loading=\"lazy\" decoding=\"async\" width=\"299\" height=\"168\" src=\"https:\/\/www.bontomester.hu\/wp-content\/uploads\/2024\/10\/image-8.png\" alt=\"\" class=\"wp-image-127\"\/><\/figure>\n<\/div>\n\n\n<h3 class=\"wp-block-heading has-text-align-center\" style=\"font-size:30px\"><strong>Partners\u00e9g<\/strong><\/h3>\n\n\n\n<p class=\"has-text-align-center\" style=\"font-size:25px\">Megrendel\u0151inkkel folyamatos kapcsolatot tartunk fenn a bont\u00e1s ideje alatt, hogy a tervezett munka pontosan az elk\u00e9pzel\u00e9sek szerint t\u00f6rt\u00e9njen. C\u00e9lunk a k\u00f6z\u00f6s megel\u00e9ged\u00e9s, ez\u00e9rt a v\u00e1llalt munk\u00e1kat a megbesz\u00e9lt id\u0151pontban elkezdj\u00fck, azt hat\u00e9konyan \u00e9s gyorsan befejezz\u00fck.<\/p>\n\n\n<div class=\"wp-block-image\">\n<figure class=\"aligncenter size-full\"><img loading=\"lazy\" decoding=\"async\" width=\"275\" height=\"183\" src=\"https:\/\/www.bontomester.hu\/wp-content\/uploads\/2024\/10\/image-6.png\" alt=\"\" class=\"wp-image-125\"\/><\/figure>\n<\/div>\n\n\n<p class=\"has-text-align-center has-black-color has-text-color\" style=\"font-size:30px\"><strong>Pontos hat\u00e1rid\u0151k<\/strong><\/p>\n\n\n\n<p class=\"has-text-align-center\" style=\"font-size:25px\">\u00c9p\u00edt\u0151ipari v\u00e1llalkoz\u00e1sk\u00e9nt tudjuk, hogy mennyire fontos a hat\u00e1rid\u0151k betart\u00e1sa m\u00e9g a kisebb bont\u00e1si munk\u00e1k sor\u00e1n is. A  szerz\u0151d\u00e9sben r\u00f6gz\u00edtett id\u0151pontban adjuk \u00e1t az ter\u00fcletet. Nem tolm\u00e1csolunk irre\u00e1lis d\u00e1tumokat \u00fcgyfeleinknek \u00e9s a munka folytonoss\u00e1g\u00e1t mindv\u00e9gig biztos\u00edtjuk. Term\u00e9szetesen a siets\u00e9g sohasem mehet a min\u0151s\u00e9g \u00e9s a biztons\u00e1g rov\u00e1s\u00e1ra, hiszen a technol\u00f3giai id\u0151ket minden esetben ki kell v\u00e1rni.<\/p>\n\n\n<div class=\"wp-block-image\">\n<figure class=\"aligncenter size-full\"><img loading=\"lazy\" decoding=\"async\" width=\"265\" height=\"190\" src=\"https:\/\/www.bontomester.hu\/wp-content\/uploads\/2024\/10\/image-1.png\" alt=\"\" class=\"wp-image-120\"\/><\/figure>\n<\/div>\n\n\n<p class=\"has-text-align-center has-black-color has-text-color\" style=\"font-size:30px\"><strong>Tapasztalat \u00e9s rutin<\/strong><\/p>\n\n\n\n<p class=\"has-text-align-center has-medium-font-size\">Hossz\u00fa \u00e9vek alatt szerzett tapasztalatainkra t\u00e1maszkodva \u00e9s megb\u00edzhat\u00f3 g\u00e9p parkunk r\u00e9v\u00e9n mindig a leghat\u00e9konyabban v\u00e9gezz\u00fck munk\u00e1inkat.<\/p>\n\n\n<div class=\"wp-block-image\">\n<figure class=\"aligncenter size-full\"><img loading=\"lazy\" decoding=\"async\" width=\"275\" height=\"183\" src=\"https:\/\/www.bontomester.hu\/wp-content\/uploads\/2024\/10\/image-2.png\" alt=\"\" class=\"wp-image-121\"\/><\/figure>\n<\/div>\n\n\n<p class=\"has-text-align-center has-black-color has-text-color\" style=\"font-size:30px\"><strong>K\u00e9zi bont\u00e1s<\/strong><\/p>\n\n\n\n<p class=\"has-text-align-center\" style=\"font-size:25px\">Bels\u0151 falak r\u00e9szleges, vagy teljes bont\u00e1sa, ablak v\u00e1g\u00e1s &#8211; v\u00e9s\u00e9s, \u00e1thidal\u00f3 be\u00e9p\u00edt\u00e9s, aljzat beton &#8211; burkolat felbont\u00e1s, tet\u0151zsindely bont\u00e1s, PVC, lin\u00f3leum, j\u00e1r\u00f3lap, sz\u0151nyeg, lamin\u00e1lt parketta, parketta bont\u00e1sa, oldalfali burkolatok, vakolat lever\u00e9s, k\u00e1d, wc bont\u00e1sa. R\u00e9gi gar\u00e1zsok \u00e9s mell\u00e9k \u00e9p\u00fcletek elbont\u00e1sa. Fel\u00faj\u00edt\u00e1s el\u0151tti teljes bels\u0151 \u00e9s k\u00fcls\u0151 bont\u00e1s lak\u00e1sokban, irod\u00e1kban \u00e9s \u00fczlethelyis\u00e9g\u00e9ben stb&#8230; sitt elsz\u00e1ll\u00edt\u00e1ssal egy\u00fctt.<\/p>\n\n\n<div class=\"wp-block-image\">\n<figure class=\"aligncenter size-full\"><img loading=\"lazy\" decoding=\"async\" width=\"271\" height=\"186\" src=\"https:\/\/www.bontomester.hu\/wp-content\/uploads\/2024\/10\/image-4.png\" alt=\"\" class=\"wp-image-123\"\/><\/figure>\n<\/div>\n\n\n<p class=\"has-text-align-center has-black-color has-light-green-cyan-background-color has-text-color has-background\" style=\"font-size:30px\"><a href=\"https:\/\/www.bontomester.hu\/?page_id=15\">Bont\u00e1s \u00e1rak itt!<\/a><\/p>\n\n\n\n<h3 class=\"wp-block-heading has-text-align-center has-black-color has-text-color\" style=\"font-size:30px\"><strong>T\u00f6rmel\u00e9k elsz\u00e1ll\u00edt\u00e1s<\/strong><\/h3>\n\n\n\n<p class=\"has-text-align-center\" style=\"font-size:25px\">Els\u0151sorban az \u00e1ltalunk termelt t\u00f6rmel\u00e9k elsz\u00e1ll\u00edt\u00e1sa. Ha \u00f6n v\u00e9gezte a bont\u00e1si munk\u00e1kat, vagy egy\u00e9b szem\u00e9t, t\u00f6rmel\u00e9k halmoz\u00f3dott fel, azt is elsz\u00e1ll\u00edtjuk. Ha kell be zs\u00e1k\u00f3ljuk, pakoljuk \u00e9s hivatalos t\u00f6rmel\u00e9k lerak\u00f3ba helyezz\u00fck. Zs\u00e1kos sitt elsz\u00e1ll\u00edt\u00e1ssal az elej\u00e9t\u0151l a fel\u00faj\u00edt\u00e1s v\u00e9g\u00e9ig \u00e1llunk rendelkez\u00e9sre. A megrendel\u0151ink r\u00e9sz\u00e9re.<\/p>\n\n\n<div class=\"wp-block-image\">\n<figure class=\"aligncenter size-full\"><img loading=\"lazy\" decoding=\"async\" width=\"275\" height=\"183\" src=\"https:\/\/www.bontomester.hu\/wp-content\/uploads\/2024\/10\/image-3.png\" alt=\"\" class=\"wp-image-122\"\/><\/figure>\n<\/div>\n\n\n<p class=\"has-text-align-center has-black-color has-light-green-cyan-background-color has-text-color has-background\" style=\"font-size:30px\"><a href=\"https:\/\/www.bontomester.hu\/?page_id=17\">Zs\u00e1kos sitt sz\u00e1ll\u00edt\u00e1s \u00e1rak itt!<\/a><\/p>\n\n\n\n<p class=\"has-text-align-center has-black-color has-text-color\" style=\"font-size:29px\"><strong>Szolg\u00e1ltat\u00e1si ter\u00fclet<\/strong>:<br><strong>Budapest:<\/strong><br>\u00a0<strong>I. ker\u00fclet :<\/strong>\u00a0Gell\u00e9rthegy, Krisztinav\u00e1ros, Tab\u00e1n, V\u00e1r, V\u00edziv\u00e1ros<br><strong>\u00a0II.ker\u00fclet:<\/strong>\u00a0Adyliget, Budakeszi, Budaliget, Csat\u00e1rka, Felh\u00e9v\u00edz, H\u00e1rshegy, H\u0171v\u00f6sv\u00f6lgy, K\u0151v\u00e1r, Kurucles, Lip\u00f3tmez\u0151, M\u00e1riaremete, P\u00e1lv\u00f6lgy, Pasar\u00e9t, Pesthidegk\u00fat, Remetekertv\u00e1ros, R\u00e9zm\u00e1l, R\u00f3zsadomb, Szeml\u0151hegy, Sz\u00e9phalom, Sz\u00e9pilona, Sz\u00e9p-v\u00f6lgy, T\u00f6r\u00f6kv\u00e9sz, V\u00e9rhalom, Z\u00f6ldm\u00e1l<br><strong>\u00a0III.ker\u00fclet:\u00a0<\/strong>Aquincum, Aranyhegy, B\u00e9k\u00e1smegyer, Csillaghegy, Cs\u00facshegy, Filatorig\u00e1t, H\u00e1rmashat\u00e1rhegy, \u00d3buda, Remetehegy, R\u00f3mai f\u00fcrd\u0151, Solym\u00e1rv\u00f6lgy, T\u00e1borhegy, Testv\u00e9rhegy, T\u00f6r\u00f6kk\u0151, \u00dajlak, \u00dcr\u00f6mhegy<br><strong>IV. ker\u00fclet:<\/strong>\u00a0Istv\u00e1ntelek, K\u00e1poszt\u00e1smegyer, Megyer, Sz\u00e9kes d\u0171l\u0151, \u00dajpest<br><strong>V. ker\u00fclet:<\/strong>\u00a0Belv\u00e1ros, Lip\u00f3tv\u00e1ros<br><strong>VI.<\/strong>\u00a0<strong>ker\u00fclet:<\/strong>\u00a0Ter\u00e9zv\u00e1ros<br><strong>VII. ker\u00fclet:<\/strong>\u00a0Erzs\u00e9betv\u00e1ros<br><strong>VIII. ker\u00fclet:<\/strong>\u00a0J\u00f3zsefv\u00e1ros<br><strong>IX. ker\u00fclet:\u00a0<\/strong>Ferencv\u00e1ros<br>\u00a0<strong>X. ker\u00fclet:\u00a0<\/strong>Fels\u0151r\u00e1kos, Gy\u00e1rd\u0171l\u0151, Kereszt\u00farid\u0171l\u0151, K\u0151b\u00e1nya-Kertv\u00e1ros, K\u00fatt\u00f3, Laposd\u0171l\u0151, Ligettelek, N\u00e9pliget, \u00d3hegy, T\u00e9glagy\u00e1rd\u0171l\u0151, \u00dajhegy<br><strong>XI. ker\u00fclet:\u00a0<\/strong>Albertfalva, Dobog\u00f3, Gazdagr\u00e9t, Gell\u00e9rthegy , Hossz\u00far\u00e9t, Kamaraerd\u0151, Kelenf\u00f6ld, Kelenv\u00f6lgy, K\u0151\u00e9rberek, L\u00e1gym\u00e1nyos, Mad\u00e1rhegy, \u0150rmez\u0151, P\u00e9terhegy, Sasad, Sashegy, Tab\u00e1n<br>\u00a0<strong>\u00a0XII. ker\u00fclet:<\/strong>\u00a0Budakeszierd\u0151, Csilleb\u00e9rc, Farkasr\u00e9t, Farkasv\u00f6lgy, Istenhegy, J\u00e1noshegy, Kissv\u00e1bhegy, Krisztinav\u00e1ros, K\u00fatv\u00f6lgy, Magas\u00fat, M\u00e1rtonhegy, N\u00e9metv\u00f6lgy, Orb\u00e1nhegy, Sashegy, \u00a0Sv\u00e1bhegy, Sz\u00e9chenyihegy, \u00a0Vir\u00e1nyos, \u00a0Zugliget<br><strong>\u00a0XIII. ker\u00fclet:\u00a0<\/strong>Angyalf\u00f6ld, Margitsziget, N\u00e9psziget, \u00dajlip\u00f3tv\u00e1ros, Vizafog\u00f3<br><strong>\u00a0XIV. ker\u00fclet:<\/strong>\u00a0Als\u00f3r\u00e1kos, Herminamez\u0151, Istv\u00e1nmez\u0151, Kiszugl\u00f3, Nagyzugl\u00f3, R\u00e1kosfalva, T\u00f6r\u00f6k\u0151r, V\u00e1rosliget<br>XV<strong>. ker\u00fclet:\u00a0<\/strong>R\u00e1kospalota, Pest\u00fajhely, \u00dajpalota<br><strong>XVI. ker\u00fclet:<\/strong>\u00a0\u00c1rp\u00e1df\u00f6ld, Cinkota, M\u00e1ty\u00e1sf\u00f6ld, R\u00e1kosszentmih\u00e1ly, Sashalom<br><strong>XVII. ker\u00fclet:<\/strong>\u00a0Akad\u00e9mia\u00fajtelep, Mad\u00e1rdomb, R\u00e1koscsaba, R\u00e1koscsaba-\u00dajtelep, R\u00e1koshegy, R\u00e1koskereszt\u00far, R\u00e1koskert, R\u00e1kosliget, R\u00e9giakad\u00e9miatelep<br><strong>XVIII. ker\u00fclet:\u00a0<\/strong>Alm\u00e1skert, B\u00e9latelep, Bels\u0151major, B\u00f3kaytelep, Erd\u0151skert, Erzs\u00e9bettelep, Ferihegy, Ganzkertv\u00e1ros, Ganztelep, Gloriett telep, Halmierd\u0151, Havanna-lak\u00f3telep, Kossuth Ferenc-telep, Krepuska G\u00e9za-telep, Lakatos-lak\u00f3telep, Lipt\u00e1ktelep, L\u00f3nyaytelep, Mikl\u00f3stelep, Pestszentimre, Rendessytelep, Szemeretelep, Szent Imre-kertv\u00e1ros, Szent L\u0151rinc-telep, \u00dajp\u00e9teritelep<br>\u00a0XIX<strong>. ker\u00fclet:\u00a0<\/strong>Kispest, Wekerletelep<br>\u00a0<strong>XX. ker\u00fclet:<\/strong>\u00a0Erzs\u00e9betfalva, Gubacs, Gubacsipuszta, Kossuthfalva, Pacsirtatelep, Szab\u00f3telep<br><strong>XXI. ker\u00fclet:<\/strong>\u00a0Csepel-Belv\u00e1ros, Csepel-Csillagtelep, Csepel-Erd\u0151alja, Csepel-Erd\u0151sor, Csepel-Gy\u00e1rtelep, Csepel-H\u00e1ros, Csepel-Kertv\u00e1ros, Csepel-Kir\u00e1lyerd\u0151, Csepel-Kir\u00e1lymajor, Csepel-\u00d3falu, Csepel-R\u00f3zsadomb, Csepel-Szab\u00f3telep, Csepel-Szigetcs\u00facs<br><strong>XXII. ker\u00fclet:\u00a0<\/strong>Baross G\u00e1bor-telep, Budafok, Budat\u00e9t\u00e9ny, Nagyt\u00e9t\u00e9ny<br>\u00a0<strong>XXIII. ker\u00fclet:\u00a0<\/strong>Millenniumtelep, Soroks\u00e1r, Soroks\u00e1r-\u00dajtelep<\/p>\n\n\n\n<p class=\"has-text-align-center\"><\/p>\n\n\n\n<p class=\"has-text-align-center has-black-color has-text-color\" style=\"font-size:30px\"><strong>El\u00e9rhet\u0151s\u00e9gek:<\/strong><\/p>\n\n\n\n<p class=\"has-text-align-center\" style=\"font-size:25px\">Telefon: +36 20 594 0260<\/p>\n\n\n\n<p class=\"has-text-align-center\" style=\"font-size:25px\">e-mail: teherszellitoember@gmail.com<\/p>\n","protected":false},"excerpt":{"rendered":"<p>\u00dcdv\u00f6zl\u00f6m Nov\u00e1k G\u00e1bor vagyok a bont\u00f3mester! V\u00e1llalok r\u00e9gi \u00e9p\u00fcletek, \u00e9p\u00edtm\u00e9nyek bont\u00e1s\u00e1t, falakba ny\u00edl\u00e1sz\u00e1r\u00f3k hely\u00e9nek kiv\u00e1g\u00e1s\u00e1t. Bels\u0151 v\u00e1laszfalak, aljzat betonok bont\u00e1s\u00e1t. Bels\u0151 falak r\u00e9szleges, vagy teljes bont\u00e1sa, ablak v\u00e1g\u00e1s \u2013 v\u00e9s\u00e9s, \u00e1thidal\u00f3 be\u00e9p\u00edt\u00e9s, aljzat beton \u2013 burkolat felbont\u00e1s, tet\u0151zsindely bont\u00e1s, PVC, lin\u00f3leum, j\u00e1r\u00f3lap, sz\u0151nyeg, lamin\u00e1lt parketta, parketta bont\u00e1sa, oldalfali burkolatok, vakolat lever\u00e9s. V\u00edz, g\u00e1z, f\u0171t\u00e9s rendszerek &#8230; <span class=\"more\"><a class=\"more-link\" href=\"https:\/\/www.bontomester.hu\/\">[Read more&#8230;]<\/a><\/span><\/p>\n","protected":false},"author":1,"featured_media":0,"parent":0,"menu_order":1,"comment_status":"closed","ping_status":"closed","template":"page-full-width.php","meta":{"footnotes":""},"class_list":["entry","page","publish","author-bontomester","post-12"],"yoast_head":"<!-- This site is optimized with the Yoast SEO plugin v27.3 - https:\/\/yoast.com\/product\/yoast-seo-wordpress\/ -->\n<title>Bont\u00f3mester! Aki nem romb\u00f3l hanem \u00e9sszel bont! Sitt elsz\u00e1ll\u00edt\u00e1ssal!<\/title>\n<meta name=\"description\" content=\"V\u00e1llalunk falak, burkolatok bont\u00e1s\u00e1t teljes k\u00f6r\u0171 bont\u00e1si munk\u00e1kat. Lak\u00e1sokban, irod\u00e1kban, \u00fczlethelys\u00e9gekben \u00e9s zs\u00e1kos sitt sz\u00e1ll\u00edt\u00e1st.\" \/>\n<meta name=\"robots\" content=\"index, follow, max-snippet:-1, max-image-preview:large, max-video-preview:-1\" \/>\n<link rel=\"canonical\" href=\"https:\/\/www.bontomester.hu\/\" \/>\n<meta property=\"og:locale\" content=\"hu_HU\" \/>\n<meta property=\"og:type\" content=\"article\" \/>\n<meta property=\"og:title\" content=\"Bont\u00f3mester! Aki nem romb\u00f3l hanem \u00e9sszel bont! Sitt elsz\u00e1ll\u00edt\u00e1ssal!\" \/>\n<meta property=\"og:description\" content=\"V\u00e1llalunk falak, burkolatok bont\u00e1s\u00e1t teljes k\u00f6r\u0171 bont\u00e1si munk\u00e1kat. Lak\u00e1sokban, irod\u00e1kban, \u00fczlethelys\u00e9gekben \u00e9s zs\u00e1kos sitt sz\u00e1ll\u00edt\u00e1st.\" \/>\n<meta property=\"og:url\" content=\"https:\/\/www.bontomester.hu\/\" \/>\n<meta property=\"og:site_name\" content=\"Bont\u00f3mester! Aki nem romb\u00f3l hanem \u00e9sszel bont! Sitt elsz\u00e1ll\u00edt\u00e1ssal egy\u00fctt!\" \/>\n<meta property=\"article:modified_time\" content=\"2024-10-01T03:41:17+00:00\" \/>\n<meta property=\"og:image\" content=\"https:\/\/www.bontomester.hu\/wp-content\/uploads\/2024\/10\/image-7.png\" \/>\n<meta name=\"twitter:card\" content=\"summary_large_image\" \/>\n<meta name=\"twitter:label1\" content=\"Becs\u00fclt olvas\u00e1si id\u0151\" \/>\n\t<meta name=\"twitter:data1\" content=\"2 perc\" \/>\n<script type=\"application\/ld+json\" class=\"yoast-schema-graph\">{\"@context\":\"https:\\\/\\\/schema.org\",\"@graph\":[{\"@type\":\"WebPage\",\"@id\":\"https:\\\/\\\/www.bontomester.hu\\\/\",\"url\":\"https:\\\/\\\/www.bontomester.hu\\\/\",\"name\":\"Bont\u00f3mester! Aki nem romb\u00f3l hanem \u00e9sszel bont! Sitt elsz\u00e1ll\u00edt\u00e1ssal!\",\"isPartOf\":{\"@id\":\"https:\\\/\\\/www.bontomester.hu\\\/#website\"},\"primaryImageOfPage\":{\"@id\":\"https:\\\/\\\/www.bontomester.hu\\\/#primaryimage\"},\"image\":{\"@id\":\"https:\\\/\\\/www.bontomester.hu\\\/#primaryimage\"},\"thumbnailUrl\":\"https:\\\/\\\/www.bontomester.hu\\\/wp-content\\\/uploads\\\/2024\\\/10\\\/image-7.png\",\"datePublished\":\"2022-11-04T11:48:22+00:00\",\"dateModified\":\"2024-10-01T03:41:17+00:00\",\"description\":\"V\u00e1llalunk falak, burkolatok bont\u00e1s\u00e1t teljes k\u00f6r\u0171 bont\u00e1si munk\u00e1kat. Lak\u00e1sokban, irod\u00e1kban, \u00fczlethelys\u00e9gekben \u00e9s zs\u00e1kos sitt sz\u00e1ll\u00edt\u00e1st.\",\"breadcrumb\":{\"@id\":\"https:\\\/\\\/www.bontomester.hu\\\/#breadcrumb\"},\"inLanguage\":\"hu\",\"potentialAction\":[{\"@type\":\"ReadAction\",\"target\":[\"https:\\\/\\\/www.bontomester.hu\\\/\"]}]},{\"@type\":\"ImageObject\",\"inLanguage\":\"hu\",\"@id\":\"https:\\\/\\\/www.bontomester.hu\\\/#primaryimage\",\"url\":\"https:\\\/\\\/www.bontomester.hu\\\/wp-content\\\/uploads\\\/2024\\\/10\\\/image-7.png\",\"contentUrl\":\"https:\\\/\\\/www.bontomester.hu\\\/wp-content\\\/uploads\\\/2024\\\/10\\\/image-7.png\",\"width\":300,\"height\":168},{\"@type\":\"BreadcrumbList\",\"@id\":\"https:\\\/\\\/www.bontomester.hu\\\/#breadcrumb\",\"itemListElement\":[{\"@type\":\"ListItem\",\"position\":1,\"name\":\"Kezd\u0151lap\",\"item\":\"https:\\\/\\\/www.bontomester.hu\\\/\"},{\"@type\":\"ListItem\",\"position\":2,\"name\":\"Kezd\u0151oldal\"}]},{\"@type\":\"WebSite\",\"@id\":\"https:\\\/\\\/www.bontomester.hu\\\/#website\",\"url\":\"https:\\\/\\\/www.bontomester.hu\\\/\",\"name\":\"Bont\u00f3mester! Aki nem romb\u00f3l hanem \u00e9sszel bont! Sitt elsz\u00e1ll\u00edt\u00e1ssal egy\u00fctt!\",\"description\":\"Fel\u00faj\u00edt\u00e1s el\u0151tti teljes bont\u00e1s sitt sz\u00e1ll\u00edt\u00e1ssal!\",\"potentialAction\":[{\"@type\":\"SearchAction\",\"target\":{\"@type\":\"EntryPoint\",\"urlTemplate\":\"https:\\\/\\\/www.bontomester.hu\\\/?s={search_term_string}\"},\"query-input\":{\"@type\":\"PropertyValueSpecification\",\"valueRequired\":true,\"valueName\":\"search_term_string\"}}],\"inLanguage\":\"hu\"}]}<\/script>\n<!-- \/ Yoast SEO plugin. -->","yoast_head_json":{"title":"Bont\u00f3mester! Aki nem romb\u00f3l hanem \u00e9sszel bont! Sitt elsz\u00e1ll\u00edt\u00e1ssal!","description":"V\u00e1llalunk falak, burkolatok bont\u00e1s\u00e1t teljes k\u00f6r\u0171 bont\u00e1si munk\u00e1kat. Lak\u00e1sokban, irod\u00e1kban, \u00fczlethelys\u00e9gekben \u00e9s zs\u00e1kos sitt sz\u00e1ll\u00edt\u00e1st.","robots":{"index":"index","follow":"follow","max-snippet":"max-snippet:-1","max-image-preview":"max-image-preview:large","max-video-preview":"max-video-preview:-1"},"canonical":"https:\/\/www.bontomester.hu\/","og_locale":"hu_HU","og_type":"article","og_title":"Bont\u00f3mester! Aki nem romb\u00f3l hanem \u00e9sszel bont! Sitt elsz\u00e1ll\u00edt\u00e1ssal!","og_description":"V\u00e1llalunk falak, burkolatok bont\u00e1s\u00e1t teljes k\u00f6r\u0171 bont\u00e1si munk\u00e1kat. Lak\u00e1sokban, irod\u00e1kban, \u00fczlethelys\u00e9gekben \u00e9s zs\u00e1kos sitt sz\u00e1ll\u00edt\u00e1st.","og_url":"https:\/\/www.bontomester.hu\/","og_site_name":"Bont\u00f3mester! Aki nem romb\u00f3l hanem \u00e9sszel bont! Sitt elsz\u00e1ll\u00edt\u00e1ssal egy\u00fctt!","article_modified_time":"2024-10-01T03:41:17+00:00","og_image":[{"url":"https:\/\/www.bontomester.hu\/wp-content\/uploads\/2024\/10\/image-7.png","type":"","width":"","height":""}],"twitter_card":"summary_large_image","twitter_misc":{"Becs\u00fclt olvas\u00e1si id\u0151":"2 perc"},"schema":{"@context":"https:\/\/schema.org","@graph":[{"@type":"WebPage","@id":"https:\/\/www.bontomester.hu\/","url":"https:\/\/www.bontomester.hu\/","name":"Bont\u00f3mester! Aki nem romb\u00f3l hanem \u00e9sszel bont! Sitt elsz\u00e1ll\u00edt\u00e1ssal!","isPartOf":{"@id":"https:\/\/www.bontomester.hu\/#website"},"primaryImageOfPage":{"@id":"https:\/\/www.bontomester.hu\/#primaryimage"},"image":{"@id":"https:\/\/www.bontomester.hu\/#primaryimage"},"thumbnailUrl":"https:\/\/www.bontomester.hu\/wp-content\/uploads\/2024\/10\/image-7.png","datePublished":"2022-11-04T11:48:22+00:00","dateModified":"2024-10-01T03:41:17+00:00","description":"V\u00e1llalunk falak, burkolatok bont\u00e1s\u00e1t teljes k\u00f6r\u0171 bont\u00e1si munk\u00e1kat. Lak\u00e1sokban, irod\u00e1kban, \u00fczlethelys\u00e9gekben \u00e9s zs\u00e1kos sitt sz\u00e1ll\u00edt\u00e1st.","breadcrumb":{"@id":"https:\/\/www.bontomester.hu\/#breadcrumb"},"inLanguage":"hu","potentialAction":[{"@type":"ReadAction","target":["https:\/\/www.bontomester.hu\/"]}]},{"@type":"ImageObject","inLanguage":"hu","@id":"https:\/\/www.bontomester.hu\/#primaryimage","url":"https:\/\/www.bontomester.hu\/wp-content\/uploads\/2024\/10\/image-7.png","contentUrl":"https:\/\/www.bontomester.hu\/wp-content\/uploads\/2024\/10\/image-7.png","width":300,"height":168},{"@type":"BreadcrumbList","@id":"https:\/\/www.bontomester.hu\/#breadcrumb","itemListElement":[{"@type":"ListItem","position":1,"name":"Kezd\u0151lap","item":"https:\/\/www.bontomester.hu\/"},{"@type":"ListItem","position":2,"name":"Kezd\u0151oldal"}]},{"@type":"WebSite","@id":"https:\/\/www.bontomester.hu\/#website","url":"https:\/\/www.bontomester.hu\/","name":"Bont\u00f3mester! Aki nem romb\u00f3l hanem \u00e9sszel bont! Sitt elsz\u00e1ll\u00edt\u00e1ssal egy\u00fctt!","description":"Fel\u00faj\u00edt\u00e1s el\u0151tti teljes bont\u00e1s sitt sz\u00e1ll\u00edt\u00e1ssal!","potentialAction":[{"@type":"SearchAction","target":{"@type":"EntryPoint","urlTemplate":"https:\/\/www.bontomester.hu\/?s={search_term_string}"},"query-input":{"@type":"PropertyValueSpecification","valueRequired":true,"valueName":"search_term_string"}}],"inLanguage":"hu"}]}},"_links":{"self":[{"href":"https:\/\/www.bontomester.hu\/index.php?rest_route=\/wp\/v2\/pages\/12","targetHints":{"allow":["GET"]}}],"collection":[{"href":"https:\/\/www.bontomester.hu\/index.php?rest_route=\/wp\/v2\/pages"}],"about":[{"href":"https:\/\/www.bontomester.hu\/index.php?rest_route=\/wp\/v2\/types\/page"}],"author":[{"embeddable":true,"href":"https:\/\/www.bontomester.hu\/index.php?rest_route=\/wp\/v2\/users\/1"}],"replies":[{"embeddable":true,"href":"https:\/\/www.bontomester.hu\/index.php?rest_route=%2Fwp%2Fv2%2Fcomments&post=12"}],"version-history":[{"count":22,"href":"https:\/\/www.bontomester.hu\/index.php?rest_route=\/wp\/v2\/pages\/12\/revisions"}],"predecessor-version":[{"id":132,"href":"https:\/\/www.bontomester.hu\/index.php?rest_route=\/wp\/v2\/pages\/12\/revisions\/132"}],"wp:attachment":[{"href":"https:\/\/www.bontomester.hu\/index.php?rest_route=%2Fwp%2Fv2%2Fmedia&parent=12"}],"curies":[{"name":"wp","href":"https:\/\/api.w.org\/{rel}","templated":true}]}}